{"id":622,"date":"2016-03-03T15:32:06","date_gmt":"2016-03-03T15:32:06","guid":{"rendered":"http:\/\/demo.wpsmartapps.com\/themes\/manual\/?page_id=622"},"modified":"2020-02-03T09:27:25","modified_gmt":"2020-02-03T14:27:25","slug":"sobre-nosotros","status":"publish","type":"page","link":"https:\/\/www.elearningds.com\/en\/sobre-nosotros\/","title":{"rendered":"About Us"},"content":{"rendered":"<div class=\"wpb-content-wrapper\"><div  class=\"pg-custom-vc    vc_row wpb_row section vc_row-fluid  vc_custom_1456998111582\" style=\"text-align:left;  margin-left:0px;margin-right:0px;\"     ><div class=\"container\" style=\"padding: 0px 0px; display: block;    \"><div class=\"wpb_column vc_column_container vc_col-sm-12\"><div class=\"vc_column-inner\"><div class=\"wpb_wrapper\">\n\t<div class=\"wpb_text_column wpb_content_element\" >\n\t\t<div class=\"wpb_wrapper\">\n\t\t\t<h2 style=\"text-align: center;\">Dise\u00f1amos y desarrollamos e-Learning<\/h2>\n\n\t\t<\/div>\n\t<\/div>\n\n\t<div class=\"wpb_text_column wpb_content_element\" >\n\t\t<div class=\"wpb_wrapper\">\n\t\t\t<h4 style=\"text-align: center; font-weight: 500;\">Somos profesionales con m\u00e1s de 15 a\u00f1os de experiencia internacional en e-Learning. Y conocemos todos sus secretos.<\/h4>\n\n\t\t<\/div>\n\t<\/div>\n<div class=\"vc_separator wpb_content_element vc_separator_align_center vc_sep_width_50 vc_sep_double vc_sep_pos_align_center vc_separator_no_text vc_sep_color_grey wpb_content_element  wpb_content_element\" ><span class=\"vc_sep_holder vc_sep_holder_l\"><span class=\"vc_sep_line\"><\/span><\/span><span class=\"vc_sep_holder vc_sep_holder_r\"><span class=\"vc_sep_line\"><\/span><\/span>\n<\/div><div class=\"vc_row wpb_row vc_inner vc_row-fluid\"><div class=\"wpb_column vc_column_container vc_col-sm-6\"><div class=\"vc_column-inner\"><div class=\"wpb_wrapper\">\n\t<div class=\"wpb_text_column wpb_content_element\" >\n\t\t<div class=\"wpb_wrapper\">\n\t\t\t<h3>Our approach<\/h3>\n\n\t\t<\/div>\n\t<\/div>\n\n\t<div class=\"wpb_text_column wpb_content_element\" >\n\t\t<div class=\"wpb_wrapper\">\n\t\t\t<blockquote><p>\nEl desaf\u00edo consiste en convertir lo complejo en simple, transformar el contenido en conocimiento y mantener los ojos abiertos a las posibilidades educativas que nos ofrece la tecnolog\u00eda, conservando la simplicidad como valor fundamental.\n<\/p><\/blockquote>\n\n\t\t<\/div>\n\t<\/div>\n<\/div><\/div><\/div><div class=\"wpb_column vc_column_container vc_col-sm-6\"><div class=\"vc_column-inner\"><div class=\"wpb_wrapper\">\n\t<div class=\"wpb_text_column wpb_content_element\" >\n\t\t<div class=\"wpb_wrapper\">\n\t\t\t<h3 style=\"text-align: right;\">Nuestras habilidades<\/h3>\n\n\t\t<\/div>\n\t<\/div>\n<div class=\"vc_progress_bar wpb_content_element\" ><div class=\"vc_general vc_single_bar\"><small class=\"vc_label\">CONSULTOR\u00cdA ESTRAT\u00c9GICA  <span class=\"vc_label_units\">100%<\/span><\/small><span class=\"vc_bar animated striped\" data-percentage-value=\"100\" data-value=\"100\" style=\"background-color:#5bc0eb;\"><\/span><\/div><div class=\"vc_general vc_single_bar\"><small class=\"vc_label\">DISE\u00d1O INSTRUCCIONAL <span class=\"vc_label_units\">100%<\/span><\/small><span class=\"vc_bar animated striped\" data-percentage-value=\"100\" data-value=\"100\" style=\"background-color:#5bc0eb;\"><\/span><\/div><div class=\"vc_general vc_single_bar\"><small class=\"vc_label\">EST\u00c1NDARES DE CALIDAD EDUCACI\u00d3N ONLINE <span class=\"vc_label_units\">95%<\/span><\/small><span class=\"vc_bar animated striped\" data-percentage-value=\"95\" data-value=\"95\" style=\"background-color:#5bc0eb;\"><\/span><\/div><div class=\"vc_general vc_single_bar\"><small class=\"vc_label\">DESARROLLO DE MOOC <span class=\"vc_label_units\">95%<\/span><\/small><span class=\"vc_bar animated striped\" data-percentage-value=\"95\" data-value=\"95\" style=\"background-color:#5bc0eb;\"><\/span><\/div><div class=\"vc_general vc_single_bar\"><small class=\"vc_label\">RAPID E-LEARNING <span class=\"vc_label_units\">90%<\/span><\/small><span class=\"vc_bar animated striped\" data-percentage-value=\"90\" data-value=\"90\" style=\"background-color:#5bc0eb;\"><\/span><\/div><div class=\"vc_general vc_single_bar\"><small class=\"vc_label\">edX <span class=\"vc_label_units\">95%<\/span><\/small><span class=\"vc_bar animated striped\" data-percentage-value=\"95\" data-value=\"95\" style=\"background-color:#5bc0eb;\"><\/span><\/div><\/div><\/div><\/div><\/div><\/div><\/div><\/div><\/div><\/div><\/div><div  class=\"pg-custom-vc   parallax-window vc_row wpb_row section vc_row-fluid  vc_custom_1549855121575\" style=\"text-align:left;  margin-left:0px;margin-right:0px;\"  data-image-src=\"https:\/\/www.elearningds.com\/wp-content\/uploads\/2019\/02\/legos-jp.jpg\" data-parallax=\"scroll\" data-position=\"center center\" ><div class=\"container\" style=\"padding: 0px 0px;  \"><div class=\"vc-row-eq-height\"><div class=\"wpb_column vc_column_container vc_col-sm-12\"><div class=\"vc_column-inner\"><div class=\"wpb_wrapper\"><div style=\"font-size: 42px;color: #ffffff;text-align: center;font-family:Raleway;font-weight:700;font-style:normal\" class=\"vc_custom_heading vc_do_custom_heading\" >Te asesoramos en todo el proceso de implementaci\u00f3n de programas de educaci\u00f3n online<\/div><\/div><\/div><\/div><\/div><\/div><\/div><div  class=\"pg-custom-vc    vc_row wpb_row section vc_row-fluid  vc_custom_1456997907669\" style=\"text-align:left; display:block; background:#fafafa;    margin-left:0px;margin-right:0px;\"     ><div class=\"container\" style=\"padding: 0px 0px;  \"><div class=\"wpb_column vc_column_container vc_col-sm-6\"><div class=\"vc_column-inner\"><div class=\"wpb_wrapper\">\n\t<div class=\"wpb_text_column wpb_content_element vc_custom_1549839355611\" >\n\t\t<div class=\"wpb_wrapper\">\n\t\t\t<h2 style=\"text-align: center;\">Socios<\/h2>\n\n\t\t<\/div>\n\t<\/div>\n<div class=\"vc_separator wpb_content_element vc_separator_align_center vc_sep_width_10 vc_sep_double vc_sep_pos_align_center vc_separator_no_text vc_sep_color_grey vc_custom_1455109618064 wpb_content_element  vc_custom_1455109618064 wpb_content_element\" ><span class=\"vc_sep_holder vc_sep_holder_l\"><span class=\"vc_sep_line\"><\/span><\/span><span class=\"vc_sep_holder vc_sep_holder_r\"><span class=\"vc_sep_line\"><\/span><\/span>\n<\/div><div class=\"vc_row wpb_row vc_inner vc_row-fluid\"><div class=\"wpb_column vc_column_container vc_col-sm-6\"><div class=\"vc_column-inner\"><div class=\"wpb_wrapper\"><div class=\"manual_team\">\r\n\t\t  <div class=\"manual_team_inner\">\r\n\t\t\t<div class=\"manual_team_image\"><img decoding=\"async\" src=\"https:\/\/www.elearningds.com\/wp-content\/uploads\/2019\/02\/aleavila-bn2.jpg\"><\/div>\r\n\t\t\t<div class=\"manual_team_text\" style=\"padding-top:0px;\">\r\n\t\t\t\t<div class=\"manual_team_title_holder\">\r\n\t\t\t\t<h4 class=\"manual_team_name\" style=\"color:!important;\">Alejandra \u00c1vila Avenda\u00f1o<\/h4>\r\n\t\t\t\t<span style=\"color:;\">Especialista en Aprendizaje y Dise\u00f1o Instruccional<\/span> <div class=\"separator\" style=\"background-color:#fde74c\"><\/div>\r\n\t\t\t\t\t<div class=\"team_social_holder\">\r\n\t\t\t\t\t<span class=\"team_social_holder normal_social\"><a href=\"https:\/\/www.linkedin.com\/in\/aleavila\/\" target=\"_blank\"><i class=\"icon-linkedin simple_social\" style=\"color:;\"><\/i><\/a><\/span>\r\n\t\t\t\t\t<span class=\"team_social_holder normal_social\"><a href=\"https:\/\/twitter.com\/aleavila\" target=\"_blank\"><i class=\"icon-twitter simple_social\" style=\"color:;\"><\/i><\/a><\/span>\r\n\t\t\t\t\t<span class=\"team_social_holder normal_social\"><a href=\"http:\/\/www.alejandraavila.com\" target=\"_blank\"><i class=\"icon-laptop simple_social\" style=\"color:;\"><\/i><\/a><\/span>\r\n\t\t\t\t\t<span class=\"team_social_holder normal_social\"><a href=\"https:\/\/www.linkedin.com\" target=\"_blank\"><i class=\"simple_social\" style=\"color:;\"><\/i><\/a><\/span>\r\n\t\t\t\t\t<\/div>\r\n\t\t\t\t<\/div>\r\n\t\t\t<\/div>\r\n\t\t  <\/div>\r\n\t\t<\/div><\/div><\/div><\/div><div class=\"wpb_column vc_column_container vc_col-sm-6\"><div class=\"vc_column-inner\"><div class=\"wpb_wrapper\"><div class=\"manual_team\">\r\n\t\t  <div class=\"manual_team_inner\">\r\n\t\t\t<div class=\"manual_team_image\"><img decoding=\"async\" src=\"https:\/\/www.elearningds.com\/wp-content\/uploads\/2019\/02\/Javier-bn.jpg\"><\/div>\r\n\t\t\t<div class=\"manual_team_text\" style=\"padding-top:0px;\">\r\n\t\t\t\t<div class=\"manual_team_title_holder\">\r\n\t\t\t\t<h4 class=\"manual_team_name\" style=\"color:!important;\">Javier Salas Mingo<\/h4>\r\n\t\t\t\t<span style=\"color:;\">Experto en Consultor\u00eda Estrat\u00e9gica de Formaci\u00f3n<\/span> <div class=\"separator\" style=\"background-color:#fde74c\"><\/div>\r\n\t\t\t\t\t<div class=\"team_social_holder\">\r\n\t\t\t\t\t<span class=\"team_social_holder normal_social\"><a href=\"https:\/\/www.linkedin.com\/in\/javiersalasmingo\/\" target=\"_blank\"><i class=\"icon-linkedin simple_social\" style=\"color:;\"><\/i><\/a><\/span>\r\n\t\t\t\t\t<span class=\"team_social_holder normal_social\"><a href=\"\" target=\"_blank\"><i class=\"simple_social\" style=\"color:;\"><\/i><\/a><\/span>\r\n\t\t\t\t\t<span class=\"team_social_holder normal_social\"><a href=\"\" target=\"_blank\"><i class=\"simple_social\" style=\"color:;\"><\/i><\/a><\/span>\r\n\t\t\t\t\t<span class=\"team_social_holder normal_social\"><a href=\"\" target=\"_blank\"><i class=\"simple_social\" style=\"color:;\"><\/i><\/a><\/span>\r\n\t\t\t\t\t<\/div>\r\n\t\t\t\t<\/div>\r\n\t\t\t<\/div>\r\n\t\t  <\/div>\r\n\t\t<\/div><\/div><\/div><\/div><\/div><\/div><\/div><\/div><div class=\"wpb_column vc_column_container vc_col-sm-6\"><div class=\"vc_column-inner\"><div class=\"wpb_wrapper\">\n\t<div class=\"wpb_text_column wpb_content_element vc_custom_1549843723490\" >\n\t\t<div class=\"wpb_wrapper\">\n\t\t\t<h2 style=\"text-align: center;\">\u00bfD\u00f3nde estamos?<\/h2>\n\n\t\t<\/div>\n\t<\/div>\n\n\t<div class=\"wpb_text_column wpb_content_element\" >\n\t\t<div class=\"wpb_wrapper\">\n\t\t\t<p>Nuestra empresa est\u00e1 localizada en Chile y desde aqu\u00ed ofrecemos nuestros servicios a todo el mundo. We speak English!<\/p>\n\n\t\t<\/div>\n\t<\/div>\n<div class=\"wpb_gmaps_widget wpb_content_element\"><div class=\"wpb_wrapper\"><div class=\"wpb_map_wraper\"><iframe loading=\"lazy\" src=\"https:\/\/www.google.com\/maps\/embed?pb=!1m18!1m12!1m3!1d3327.4927305339957!2d-70.57645668479968!3d-33.488555380763025!2m3!1f0!2f0!3f0!3m2!1i1024!2i768!4f13.1!3m3!1m2!1s0x9662d032b40d6c65%3A0x574a26c4f3aa32a4!2sCalle+La+Llaveria+Sur+5486%2C+Penalolen%2C+Pe%C3%B1alol%C3%A9n%2C+Regi%C3%B3n+Metropolitana%2C+Chile!5e0!3m2!1sen!2sus!4v1549843783999\" width=\"600\" height=\"450\" frameborder=\"0\" style=\"border:0\" allowfullscreen><\/iframe><\/div><\/div><\/div><\/div><\/div><\/div><\/div><\/div><div  class=\"pg-custom-vc    vc_row wpb_row section vc_row-fluid\" style=\"text-align:left;  margin-left:0px;margin-right:0px;\"     ><div class=\"container\" style=\"padding: 0px 0px; display: block;    \"><div class=\"wpb_column vc_column_container vc_col-sm-12\"><div class=\"vc_column-inner\"><div class=\"wpb_wrapper\">\n\t<div  class=\"wpb_single_image wpb_content_element vc_align_center wpb_content_element\">\n\t\t<h2 class=\"wpb_heading wpb_singleimage_heading\">Some of our clients<\/h2>\n\t\t<figure class=\"wpb_wrapper vc_figure\">\n\t\t\t<div class=\"vc_single_image-wrapper   vc_box_border_grey\"><img loading=\"lazy\" decoding=\"async\" width=\"1734\" height=\"125\" src=\"https:\/\/www.elearningds.com\/wp-content\/uploads\/2019\/02\/logos-bn-v2.png\" class=\"vc_single_image-img attachment-full\" alt=\"\" title=\"logos bn v2\" srcset=\"https:\/\/www.elearningds.com\/wp-content\/uploads\/2019\/02\/logos-bn-v2.png 1734w, https:\/\/www.elearningds.com\/wp-content\/uploads\/2019\/02\/logos-bn-v2-300x22.png 300w, https:\/\/www.elearningds.com\/wp-content\/uploads\/2019\/02\/logos-bn-v2-768x55.png 768w, https:\/\/www.elearningds.com\/wp-content\/uploads\/2019\/02\/logos-bn-v2-1024x74.png 1024w\" sizes=\"auto, (max-width: 1734px) 100vw, 1734px\" \/><\/div>\n\t\t<\/figure>\n\t<\/div>\n<\/div><\/div><\/div><\/div><\/div>\n<\/div>","protected":false},"excerpt":{"rendered":"Dise\u00f1amos y desarrollamos e-Learning Somos profesionales con m\u00e1s de 15 a\u00f1os de experiencia internacional en e-Learning. Y conocemos todos sus secretos. Nuestra filosof\u00eda El desaf\u00edo consiste en convertir lo complejo en simple, transformar el contenido en conocimiento y mantener los ojos abiertos a las posibilidades educativas que nos ofrece la tecnolog\u00eda, conservando la simplicidad como [...]","protected":false},"author":1,"featured_media":0,"parent":0,"menu_order":0,"comment_status":"closed","ping_status":"closed","template":"template-page-full-width-vc.php","meta":{"_monsterinsights_skip_tracking":false,"_monsterinsights_sitenote_active":false,"_monsterinsights_sitenote_note":"","_monsterinsights_sitenote_category":0,"footnotes":""},"class_list":["post-622","page","type-page","status-publish","hentry"],"_links":{"self":[{"href":"https:\/\/www.elearningds.com\/en\/wp-json\/wp\/v2\/pages\/622","targetHints":{"allow":["GET"]}}],"collection":[{"href":"https:\/\/www.elearningds.com\/en\/wp-json\/wp\/v2\/pages"}],"about":[{"href":"https:\/\/www.elearningds.com\/en\/wp-json\/wp\/v2\/types\/page"}],"author":[{"embeddable":true,"href":"https:\/\/www.elearningds.com\/en\/wp-json\/wp\/v2\/users\/1"}],"replies":[{"embeddable":true,"href":"https:\/\/www.elearningds.com\/en\/wp-json\/wp\/v2\/comments?post=622"}],"version-history":[{"count":31,"href":"https:\/\/www.elearningds.com\/en\/wp-json\/wp\/v2\/pages\/622\/revisions"}],"predecessor-version":[{"id":1917,"href":"https:\/\/www.elearningds.com\/en\/wp-json\/wp\/v2\/pages\/622\/revisions\/1917"}],"wp:attachment":[{"href":"https:\/\/www.elearningds.com\/en\/wp-json\/wp\/v2\/media?parent=622"}],"curies":[{"name":"wp","href":"https:\/\/api.w.org\/{rel}","templated":true}]}}