{"id":572,"date":"2016-03-03T13:27:21","date_gmt":"2016-03-03T13:27:21","guid":{"rendered":"http:\/\/demo.wpsmartapps.com\/themes\/manual\/?page_id=572"},"modified":"2019-02-11T21:19:51","modified_gmt":"2019-02-12T02:19:51","slug":"home1","status":"publish","type":"page","link":"https:\/\/www.elearningds.com\/en\/","title":{"rendered":"home 1"},"content":{"rendered":"<div class=\"wpb-content-wrapper\"><div  class=\"pg-custom-vc    vc_row wpb_row section vc_row-fluid  vc_custom_1456491347473\" style=\"text-align:left;  margin-left:0px;margin-right:0px;\"     ><div class=\"container\" style=\"padding: 0px 0px; display: block;    \"><div class=\"wpb_column vc_column_container vc_col-sm-12\"><div class=\"vc_column-inner\"><div class=\"wpb_wrapper\"><h2 style=\"text-align: center\" class=\"vc_custom_heading vc_do_custom_heading vc_custom_1549891911252\" >Our Services<\/h2>\n\t<div class=\"wpb_text_column wpb_content_element wpb_animate_when_almost_visible wpb_fadeIn fadeIn vc_custom_1549894447575\" >\n\t\t<div class=\"wpb_wrapper\">\n\t\t\t<h4 style=\"text-align: center; font-weight: 500;\" class=\"translation-block\">Our expertise in e-Learning shines through <strong>4 core areas<\/strong>  that showcase our unique value:<\/h4>\n\n\t\t<\/div>\n\t<\/div>\n<div class=\"vc_row wpb_row vc_inner vc_row-fluid\"><div class=\"wpb_column vc_column_container vc_col-sm-3\"><div class=\"vc_column-inner\"><div class=\"wpb_wrapper\"><div class=\"\"><div class=\"manual_icon_with_title\" \">\r\n\t  \r\n\t  <div class=\"icon_holder\" style=\"margin-bottom:px;\">\r\n\t  <span class=\"\"><i class=\"icon-lightbulb\" style=\"font-size:; color:#6ea01b;\"><\/i><\/span>\r\n\t  <\/div>\r\n\t  \r\n\t  <div class=\"icon_text_holder\" style=\"padding-left:px;\">\r\n\t\t<div class=\"icon_text_inner\">\r\n\t\t  <h5 style=\"font-weight:!important;color:!important;font-size:px!important;text-transform:!important;\">Learning Experience Design<\/h5>\r\n\t\t  <p class=\"desc\" style=\"color:;margin-top:px;\">Our online and blended learning experiences are designed to meet the highest quality standards.<\/p>\r\n\t\t  \r\n\t\t<\/div>\r\n\t  <\/div>\r\n\t  \r\n\t<\/div><\/div><\/div><\/div><\/div><div class=\"wpb_column vc_column_container vc_col-sm-3\"><div class=\"vc_column-inner\"><div class=\"wpb_wrapper\"><div class=\"\"><div class=\"manual_icon_with_title\" \">\r\n\t  \r\n\t  <div class=\"icon_holder\" style=\"margin-bottom:px;\">\r\n\t  <span class=\"\"><i class=\"icon-gears\" style=\"font-size:; color:#6ea01b;\"><\/i><\/span>\r\n\t  <\/div>\r\n\t  \r\n\t  <div class=\"icon_text_holder\" style=\"padding-left:px;\">\r\n\t\t<div class=\"icon_text_inner\">\r\n\t\t  <h5 style=\"font-weight:!important;color:!important;font-size:px!important;text-transform:!important;\">Design &amp; Development of MOOCs<\/h5>\r\n\t\t  <p class=\"desc\" style=\"color:;margin-top:px;\">TotalMOOC is our solution for the design, development and implementation of Massive Open Online Courses (MOOC).<\/p>\r\n\t\t  \r\n\t\t<\/div>\r\n\t  <\/div>\r\n\t  \r\n\t<\/div><\/div><\/div><\/div><\/div><div class=\"wpb_column vc_column_container vc_col-sm-3\"><div class=\"vc_column-inner\"><div class=\"wpb_wrapper\"><div class=\"\"><div class=\"manual_icon_with_title\" \">\r\n\t  \r\n\t  <div class=\"icon_holder\" style=\"margin-bottom:px;\">\r\n\t  <span class=\"\"><i class=\"icon-tools-2\" style=\"font-size:; color:#6ea01b;\"><\/i><\/span>\r\n\t  <\/div>\r\n\t  \r\n\t  <div class=\"icon_text_holder\" style=\"padding-left:px;\">\r\n\t\t<div class=\"icon_text_inner\">\r\n\t\t  <h5 style=\"font-weight:!important;color:!important;font-size:px!important;text-transform:!important;\">Rapid e-Learning Factory<\/h5>\r\n\t\t  <p class=\"desc\" style=\"color:;margin-top:px;\">Through The Rapid e-Learning Factory we design and develop multimedia learning resources with Articulate Storyline and iSpring.<\/p>\r\n\t\t  \r\n\t\t<\/div>\r\n\t  <\/div>\r\n\t  \r\n\t<\/div><\/div><\/div><\/div><\/div><div class=\"wpb_column vc_column_container vc_col-sm-3\"><div class=\"vc_column-inner\"><div class=\"wpb_wrapper\"><div class=\"\"><div class=\"manual_icon_with_title\" \">\r\n\t  \r\n\t  <div class=\"icon_holder\" style=\"margin-bottom:px;\">\r\n\t  <span class=\"\"><i class=\"icon-beaker\" style=\"font-size:; color:#6ea01b;\"><\/i><\/span>\r\n\t  <\/div>\r\n\t  \r\n\t  <div class=\"icon_text_holder\" style=\"padding-left:px;\">\r\n\t\t<div class=\"icon_text_inner\">\r\n\t\t  <h5 style=\"font-weight:!important;color:!important;font-size:px!important;text-transform:!important;\">EDS Academy<\/h5>\r\n\t\t  <p class=\"desc\" style=\"color:;margin-top:px;\">On-site workshops and online training on quality standards and tools for e-Learning development teams.<\/p>\r\n\t\t  \r\n\t\t<\/div>\r\n\t  <\/div>\r\n\t  \r\n\t<\/div><\/div><\/div><\/div><\/div><\/div><\/div><\/div><\/div><\/div><\/div><div  class=\"pg-custom-vc   parallax-window vc_row wpb_row section vc_row-fluid  vc_custom_1549895182888\" style=\"text-align:left;  margin-left:0px;margin-right:0px;\"  data-image-src=\"https:\/\/www.elearningds.com\/wp-content\/uploads\/2015\/11\/p-4.jpg\" data-parallax=\"scroll\" data-position=\"center center\" ><div class=\"container\" style=\"padding: 0px 0px;  \"><div class=\"vc-row-eq-height\"><div class=\"wpb_column vc_column_container vc_col-sm-12\"><div class=\"vc_column-inner\"><div class=\"wpb_wrapper\"><div class=\"vc_row wpb_row vc_inner vc_row-fluid\"><div class=\"wpb_column vc_column_container vc_col-sm-3\"><div class=\"vc_column-inner\"><div class=\"wpb_wrapper\"><div class=\"funact-main-div sc-funact text-white\">\r\n\t\t  <span class=\"timer counter-select-number\" data-to=\"17\" data-speed=\"10000\" style=\"color:#ffffff;height: 90px;font-weight:500;\"><\/span>\r\n\t\t \r\n\t\t  <p class=\"counter-sc-text\" style=\"color:#ffffff;font-weight:600;\">Years of e-Learning experience<\/p>\r\n\t\t<\/div><\/div><\/div><\/div><div class=\"wpb_column vc_column_container vc_col-sm-3\"><div class=\"vc_column-inner\"><div class=\"wpb_wrapper\"><div class=\"funact-main-div sc-funact text-white\">\r\n\t\t  <span class=\"timer counter-select-number\" data-to=\"13\" data-speed=\"10000\" style=\"color:#ffffff;font-weight:600;\"><\/span>\r\n\t\t <span class=\"separator small\" style=\"background:#ffffff\"><\/span>\r\n\t\t  <p class=\"counter-sc-text\" style=\"color:#ffffff;font-weight:500;\">MOOCs designed and produced<\/p>\r\n\t\t<\/div><\/div><\/div><\/div><div class=\"wpb_column vc_column_container vc_col-sm-3\"><div class=\"vc_column-inner\"><div class=\"wpb_wrapper\"><div class=\"funact-main-div sc-funact text-white\">\r\n\t\t  <span class=\"timer counter-select-number\" data-to=\"3000\" data-speed=\"10000\" style=\"color:#ffffff;font-weight:600;\"><\/span>\r\n\t\t <span class=\"separator small\" style=\"background:#ffffff\"><\/span>\r\n\t\t  <p class=\"counter-sc-text\" style=\"color:#ffffff;font-weight:500;\">Hours of courses produced<\/p>\r\n\t\t<\/div><\/div><\/div><\/div><div class=\"wpb_column vc_column_container vc_col-sm-3\"><div class=\"vc_column-inner\"><div class=\"wpb_wrapper\"><div class=\"funact-main-div sc-funact text-white\">\r\n\t\t  <span class=\"timer counter-select-number\" data-to=\"50000\" data-speed=\"10000\" style=\"color:#ffffff;height: 90px;font-weight:500;\"><\/span>\r\n\t\t \r\n\t\t  <p class=\"counter-sc-text\" style=\"color:#ffffff;font-weight:600;\">People trained<\/p>\r\n\t\t<\/div><\/div><\/div><\/div><\/div><\/div><\/div><\/div><\/div><\/div><\/div><div  class=\"pg-custom-vc    vc_row wpb_row section vc_row-fluid\" style=\"text-align:left;  margin-left:0px;margin-right:0px;\"     ><div class=\"container\" style=\"padding: 0px 0px; display: block;    \"><div class=\"wpb_column vc_column_container vc_col-sm-12\"><div class=\"vc_column-inner\"><div class=\"wpb_wrapper\">\n\t<div  class=\"wpb_single_image wpb_content_element vc_align_center wpb_content_element wpb_animate_when_almost_visible wpb_fadeInDown fadeInDown\">\n\t\t<h2 class=\"wpb_heading wpb_singleimage_heading\">Some of our clients<\/h2>\n\t\t<figure class=\"wpb_wrapper vc_figure\">\n\t\t\t<div class=\"vc_single_image-wrapper   vc_box_border_grey\"><img loading=\"lazy\" decoding=\"async\" width=\"1734\" height=\"125\" src=\"https:\/\/www.elearningds.com\/wp-content\/uploads\/2019\/02\/logos-bn-v2.png\" class=\"vc_single_image-img attachment-full\" alt=\"\" title=\"logos bn v2\" srcset=\"https:\/\/www.elearningds.com\/wp-content\/uploads\/2019\/02\/logos-bn-v2.png 1734w, https:\/\/www.elearningds.com\/wp-content\/uploads\/2019\/02\/logos-bn-v2-300x22.png 300w, https:\/\/www.elearningds.com\/wp-content\/uploads\/2019\/02\/logos-bn-v2-768x55.png 768w, https:\/\/www.elearningds.com\/wp-content\/uploads\/2019\/02\/logos-bn-v2-1024x74.png 1024w\" sizes=\"auto, (max-width: 1734px) 100vw, 1734px\" \/><\/div>\n\t\t<\/figure>\n\t<\/div>\n<\/div><\/div><\/div><\/div><\/div>\n<\/div>","protected":false},"excerpt":{"rendered":"Nuestros servicios Dividimos nuestros servicios en 4 \u00e1reas que definen nuestra propuesta de valor y nuestra experiencia en el mundo del e-Learning: Dise\u00f1o y Desarrollo de MOOC TotalMOOC es nuestra soluci\u00f3n para el dise\u00f1o, desarrollo e implementaci\u00f3n de Cursos Masivos Abiertos en L\u00ednea (MOOC). EDS Academy Talleres presenciales y formaci\u00f3n online sobre est\u00e1ndares de calidad [...]","protected":false},"author":1,"featured_media":0,"parent":0,"menu_order":0,"comment_status":"closed","ping_status":"closed","template":"template-page-full-width-vc.php","meta":{"_monsterinsights_skip_tracking":false,"_monsterinsights_sitenote_active":false,"_monsterinsights_sitenote_note":"","_monsterinsights_sitenote_category":0,"footnotes":""},"class_list":["post-572","page","type-page","status-publish","hentry"],"_links":{"self":[{"href":"https:\/\/www.elearningds.com\/en\/wp-json\/wp\/v2\/pages\/572","targetHints":{"allow":["GET"]}}],"collection":[{"href":"https:\/\/www.elearningds.com\/en\/wp-json\/wp\/v2\/pages"}],"about":[{"href":"https:\/\/www.elearningds.com\/en\/wp-json\/wp\/v2\/types\/page"}],"author":[{"embeddable":true,"href":"https:\/\/www.elearningds.com\/en\/wp-json\/wp\/v2\/users\/1"}],"replies":[{"embeddable":true,"href":"https:\/\/www.elearningds.com\/en\/wp-json\/wp\/v2\/comments?post=572"}],"version-history":[{"count":11,"href":"https:\/\/www.elearningds.com\/en\/wp-json\/wp\/v2\/pages\/572\/revisions"}],"predecessor-version":[{"id":1900,"href":"https:\/\/www.elearningds.com\/en\/wp-json\/wp\/v2\/pages\/572\/revisions\/1900"}],"wp:attachment":[{"href":"https:\/\/www.elearningds.com\/en\/wp-json\/wp\/v2\/media?parent=572"}],"curies":[{"name":"wp","href":"https:\/\/api.w.org\/{rel}","templated":true}]}}