{"id":1873,"date":"2019-02-11T21:11:26","date_gmt":"2019-02-12T02:11:26","guid":{"rendered":"http:\/\/www.elearningds.com\/?page_id=1873"},"modified":"2019-02-11T21:11:26","modified_gmt":"2019-02-12T02:11:26","slug":"totalmooc","status":"publish","type":"page","link":"https:\/\/www.elearningds.com\/en\/totalmooc\/","title":{"rendered":"TotalMOOC"},"content":{"rendered":"<div class=\"wpb-content-wrapper\"><div  class=\"pg-custom-vc    vc_row wpb_row section vc_row-fluid\" style=\"text-align:left;  margin-left:0px;margin-right:0px;\"     ><div class=\"container\" style=\"padding: 0px 0px; display: block;    \"><div class=\"wpb_column vc_column_container vc_col-sm-12\"><div class=\"vc_column-inner\"><div class=\"wpb_wrapper\">\n\t<div  class=\"wpb_single_image wpb_content_element vc_align_center wpb_content_element wpb_animate_when_almost_visible wpb_fadeIn fadeIn\">\n\t\t<h2 class=\"wpb_heading wpb_singleimage_heading\">\u00bfQu\u00e9 proceso seguimos para crear un MOOC?<\/h2>\n\t\t<figure class=\"wpb_wrapper vc_figure\">\n\t\t\t<div class=\"vc_single_image-wrapper   vc_box_border_grey\"><img loading=\"lazy\" decoding=\"async\" width=\"1764\" height=\"471\" src=\"https:\/\/www.elearningds.com\/wp-content\/uploads\/2019\/02\/SECUENCIA-TOTALMOOC3.png\" class=\"vc_single_image-img attachment-full\" alt=\"\" title=\"SECUENCIA TOTALMOOC3\" srcset=\"https:\/\/www.elearningds.com\/wp-content\/uploads\/2019\/02\/SECUENCIA-TOTALMOOC3.png 1764w, https:\/\/www.elearningds.com\/wp-content\/uploads\/2019\/02\/SECUENCIA-TOTALMOOC3-300x80.png 300w, https:\/\/www.elearningds.com\/wp-content\/uploads\/2019\/02\/SECUENCIA-TOTALMOOC3-768x205.png 768w, https:\/\/www.elearningds.com\/wp-content\/uploads\/2019\/02\/SECUENCIA-TOTALMOOC3-1024x273.png 1024w\" sizes=\"auto, (max-width: 1764px) 100vw, 1764px\" \/><\/div>\n\t\t<\/figure>\n\t<\/div>\n<div class=\"vc_separator wpb_content_element vc_separator_align_center vc_sep_width_100 vc_sep_pos_align_center vc_sep_color_grey wpb_content_element vc_separator-has-text\" ><span class=\"vc_sep_holder vc_sep_holder_l\"><span class=\"vc_sep_line\"><\/span><\/span><h4>\u00bfQu\u00e9 tipo de recursos de aprendizaje desarrollamos para un MOOC?<\/h4><span class=\"vc_sep_holder vc_sep_holder_r\"><span class=\"vc_sep_line\"><\/span><\/span>\n<\/div><\/div><\/div><\/div><\/div><\/div><div  class=\"pg-custom-vc    vc_row wpb_row section vc_row-fluid\" style=\"text-align:left;  margin-left:0px;margin-right:0px;\"     ><div class=\"container\" style=\"padding: 0px 0px; display: block;    \"><div class=\"wpb_column vc_column_container vc_col-sm-4\"><div class=\"vc_column-inner\"><div class=\"wpb_wrapper\"><div class=\"\"><div class=\"manual_icon_with_title\" \">\r\n\t  \r\n\t  <div class=\"icon_holder\" style=\"margin-bottom:px;\">\r\n\t  <span class=\"\"><i class=\"icon-video\" style=\"font-size:; color:#5bc0eb;\"><\/i><\/span>\r\n\t  <\/div>\r\n\t  \r\n\t  <div class=\"icon_text_holder\" style=\"padding-left:px;\">\r\n\t\t<div class=\"icon_text_inner\">\r\n\t\t  <h5 style=\"font-weight:!important;color:#5bc0eb!important;font-size:px!important;text-transform:!important;\">Videos<\/h5>\r\n\t\t  <p class=\"desc\" style=\"color:;margin-top:px;\">Ya sean animados, tutoriales o de presentadores, dise\u00f1amos y producimos videos instruccionales alineados a los objetivos de aprendizaje y de acuerdo a los est\u00e1ndares de calidad en producci\u00f3n multimedia para educaci\u00f3n online.<\/p>\r\n\t\t  \r\n\t\t<\/div>\r\n\t  <\/div>\r\n\t  \r\n\t<\/div><\/div><\/div><\/div><\/div><div class=\"wpb_column vc_column_container vc_col-sm-4\"><div class=\"vc_column-inner\"><div class=\"wpb_wrapper\"><div class=\"\"><div class=\"manual_icon_with_title\" \">\r\n\t  \r\n\t  <div class=\"icon_holder\" style=\"margin-bottom:px;\">\r\n\t  <span class=\"\"><i class=\"icon-bargraph\" style=\"font-size:; color:#5bc0eb;\"><\/i><\/span>\r\n\t  <\/div>\r\n\t  \r\n\t  <div class=\"icon_text_holder\" style=\"padding-left:px;\">\r\n\t\t<div class=\"icon_text_inner\">\r\n\t\t  <h5 style=\"font-weight:!important;color:#5bc0eb!important;font-size:px!important;text-transform:!important;\">Infograf\u00edas<\/h5>\r\n\t\t  <p class=\"desc\" style=\"color:;margin-top:px;\">Creamos infograf\u00edas est\u00e1ticas y din\u00e1micas para organizar informaci\u00f3n compleja, crear refuerzos que facilitan la transferencia de lo aprendido y resumir las ideas centrales de los contenidos.<\/p>\r\n\t\t  \r\n\t\t<\/div>\r\n\t  <\/div>\r\n\t  \r\n\t<\/div><\/div><\/div><\/div><\/div><div class=\"wpb_column vc_column_container vc_col-sm-4\"><div class=\"vc_column-inner\"><div class=\"wpb_wrapper\"><div class=\"\"><div class=\"manual_icon_with_title\" \">\r\n\t  \r\n\t  <div class=\"icon_holder\" style=\"margin-bottom:px;\">\r\n\t  <span class=\"\"><i class=\"icon-tablet\" style=\"font-size:; color:#5bc0eb;\"><\/i><\/span>\r\n\t  <\/div>\r\n\t  \r\n\t  <div class=\"icon_text_holder\" style=\"padding-left:px;\">\r\n\t\t<div class=\"icon_text_inner\">\r\n\t\t  <h5 style=\"font-weight:!important;color:#5bc0eb!important;font-size:px!important;text-transform:!important;\">Interacciones HTML5<\/h5>\r\n\t\t  <p class=\"desc\" style=\"color:;margin-top:px;\">Desarrollamos diferentes recursos multimedia interactivos en formato HTML5, compatibles con dispositivos m\u00f3viles y con la mayor\u00eda de los navegadores. A\u00f1adimos interacci\u00f3n para facilitar el aprendizaje y mantener la atenci\u00f3n.<\/p>\r\n\t\t  \r\n\t\t<\/div>\r\n\t  <\/div>\r\n\t  \r\n\t<\/div><\/div><\/div><\/div><\/div><\/div><\/div><div  class=\"pg-custom-vc    vc_row wpb_row section vc_row-fluid\" style=\"text-align:left;  margin-left:0px;margin-right:0px;\"     ><div class=\"container\" style=\"padding: 0px 0px; display: block;    \"><div class=\"wpb_column vc_column_container vc_col-sm-4\"><div class=\"vc_column-inner\"><div class=\"wpb_wrapper\"><div class=\"\"><div class=\"manual_icon_with_title\" \">\r\n\t  \r\n\t  <div class=\"icon_holder\" style=\"margin-bottom:px;\">\r\n\t  <span class=\"\"><i class=\"icon-mic\" style=\"font-size:; color:#5bc0eb;\"><\/i><\/span>\r\n\t  <\/div>\r\n\t  \r\n\t  <div class=\"icon_text_holder\" style=\"padding-left:px;\">\r\n\t\t<div class=\"icon_text_inner\">\r\n\t\t  <h5 style=\"font-weight:!important;color:#5bc0eb!important;font-size:px!important;text-transform:!important;\">Podcasts<\/h5>\r\n\t\t  <p class=\"desc\" style=\"color:;margin-top:px;\">Te ayudamos a producir recursos de aprendizaje en formato audio - o Podcast - incorporando las mejores pr\u00e1cticas instruccionales para garantizar su aprovechamiento por parte de los usuarios.<\/p>\r\n\t\t  \r\n\t\t<\/div>\r\n\t  <\/div>\r\n\t  \r\n\t<\/div><\/div><\/div><\/div><\/div><div class=\"wpb_column vc_column_container vc_col-sm-4\"><div class=\"vc_column-inner\"><div class=\"wpb_wrapper\"><div class=\"\"><div class=\"manual_icon_with_title\" \">\r\n\t  \r\n\t  <div class=\"icon_holder\" style=\"margin-bottom:px;\">\r\n\t  <span class=\"\"><i class=\"icon-chat\" style=\"font-size:; color:#5bc0eb;\"><\/i><\/span>\r\n\t  <\/div>\r\n\t  \r\n\t  <div class=\"icon_text_holder\" style=\"padding-left:px;\">\r\n\t\t<div class=\"icon_text_inner\">\r\n\t\t  <h5 style=\"font-weight:!important;color:#5bc0eb!important;font-size:px!important;text-transform:!important;\">Evaluaci\u00f3n entre pares<\/h5>\r\n\t\t  <p class=\"desc\" style=\"color:;margin-top:px;\">Dise\u00f1amos actividades de evaluaci\u00f3n entre pares que permiten gestionar la concurrencia de miles de participantes, manteniendo un alto nivel de exigencia y rigurosidad en el aprendizaje.<\/p>\r\n\t\t  \r\n\t\t<\/div>\r\n\t  <\/div>\r\n\t  \r\n\t<\/div><\/div><\/div><\/div><\/div><div class=\"wpb_column vc_column_container vc_col-sm-4\"><div class=\"vc_column-inner\"><div class=\"wpb_wrapper\"><div class=\"\"><div class=\"manual_icon_with_title\" \">\r\n\t  \r\n\t  <div class=\"icon_holder\" style=\"margin-bottom:px;\">\r\n\t  <span class=\"\"><i class=\"icon-puzzle\" style=\"font-size:; color:#5bc0eb;\"><\/i><\/span>\r\n\t  <\/div>\r\n\t  \r\n\t  <div class=\"icon_text_holder\" style=\"padding-left:px;\">\r\n\t\t<div class=\"icon_text_inner\">\r\n\t\t  <h5 style=\"font-weight:!important;color:#5bc0eb!important;font-size:px!important;text-transform:!important;\">Actividades colaborativas<\/h5>\r\n\t\t  <p class=\"desc\" style=\"color:;margin-top:px;\">Creamos actividades basadas en principios de aprendizaje activo y social, que permiten no solo aumentar el compromiso de los participantes sino aprender de sus interacciones.<\/p>\r\n\t\t  \r\n\t\t<\/div>\r\n\t  <\/div>\r\n\t  \r\n\t<\/div><\/div><\/div><\/div><\/div><\/div><\/div><div  class=\"pg-custom-vc    vc_row wpb_row section vc_row-fluid\" style=\"text-align:left;  margin-left:0px;margin-right:0px;\"     ><div class=\"container\" style=\"padding: 0px 0px; display: block;    \"><div class=\"wpb_column vc_column_container vc_col-sm-12\"><div class=\"vc_column-inner\"><div class=\"wpb_wrapper\"><\/div><\/div><\/div><\/div><\/div><div  class=\"pg-custom-vc    vc_row wpb_row section vc_row-fluid\" style=\"text-align:left;  margin-left:0px;margin-right:0px;\"     ><div class=\"container\" style=\"padding: 0px 0px; display: block;    \"><div class=\"wpb_column vc_column_container vc_col-sm-6\"><div class=\"vc_column-inner\"><div class=\"wpb_wrapper\"><\/div><\/div><\/div><div class=\"wpb_column vc_column_container vc_col-sm-6\"><div class=\"vc_column-inner\"><div class=\"wpb_wrapper\"><div class=\"vc_btn3-container  wpb_animate_when_almost_visible wpb_fadeIn fadeIn vc_btn3-center vc_do_btn\" ><a class=\"vc_general vc_btn3 vc_btn3-size-lg vc_btn3-shape-square vc_btn3-style-classic vc_btn3-block vc_btn3-icon-left vc_btn3-color-info\" href=\"http:\/\/www.elearningds.com\/en\/contacto\/\" title=\"\"><i class=\"vc_btn3-icon fa fa-envelope-open-o\"><\/i> Contact<\/a><\/div><\/div><\/div><\/div><\/div><\/div>\n<\/div>","protected":false},"excerpt":{"rendered":"\u00bfQu\u00e9 proceso seguimos para crear un MOOC? \u00bfQu\u00e9 tipo de recursos de aprendizaje desarrollamos para un MOOC? Infograf\u00edas Creamos infograf\u00edas est\u00e1ticas y din\u00e1micas para organizar informaci\u00f3n compleja, crear refuerzos que facilitan la transferencia de lo aprendido y resumir las ideas centrales de los contenidos. Podcasts Te ayudamos a producir recursos de aprendizaje en formato audio [...]","protected":false},"author":1,"featured_media":0,"parent":0,"menu_order":0,"comment_status":"closed","ping_status":"closed","template":"template-page-full-width-vc.php","meta":{"_monsterinsights_skip_tracking":false,"_monsterinsights_sitenote_active":false,"_monsterinsights_sitenote_note":"","_monsterinsights_sitenote_category":0,"footnotes":""},"class_list":["post-1873","page","type-page","status-publish","hentry"],"_links":{"self":[{"href":"https:\/\/www.elearningds.com\/en\/wp-json\/wp\/v2\/pages\/1873","targetHints":{"allow":["GET"]}}],"collection":[{"href":"https:\/\/www.elearningds.com\/en\/wp-json\/wp\/v2\/pages"}],"about":[{"href":"https:\/\/www.elearningds.com\/en\/wp-json\/wp\/v2\/types\/page"}],"author":[{"embeddable":true,"href":"https:\/\/www.elearningds.com\/en\/wp-json\/wp\/v2\/users\/1"}],"replies":[{"embeddable":true,"href":"https:\/\/www.elearningds.com\/en\/wp-json\/wp\/v2\/comments?post=1873"}],"version-history":[{"count":20,"href":"https:\/\/www.elearningds.com\/en\/wp-json\/wp\/v2\/pages\/1873\/revisions"}],"predecessor-version":[{"id":1899,"href":"https:\/\/www.elearningds.com\/en\/wp-json\/wp\/v2\/pages\/1873\/revisions\/1899"}],"wp:attachment":[{"href":"https:\/\/www.elearningds.com\/en\/wp-json\/wp\/v2\/media?parent=1873"}],"curies":[{"name":"wp","href":"https:\/\/api.w.org\/{rel}","templated":true}]}}