{"id":1863,"date":"2019-02-11T10:54:18","date_gmt":"2019-02-11T15:54:18","guid":{"rendered":"http:\/\/www.elearningds.com\/?page_id=1863"},"modified":"2019-02-11T14:13:37","modified_gmt":"2019-02-11T19:13:37","slug":"diseno-instruccional","status":"publish","type":"page","link":"https:\/\/www.elearningds.com\/en\/diseno-instruccional\/","title":{"rendered":"Instructional Design"},"content":{"rendered":"<div class=\"wpb-content-wrapper\"><div  class=\"pg-custom-vc    vc_row wpb_row section vc_row-fluid\" style=\"text-align:left;  margin-left:0px;margin-right:0px;\"     ><div class=\"container\" style=\"padding: 0px 0px; display: block;    \"><div class=\"wpb_column vc_column_container vc_col-sm-12\"><div class=\"vc_column-inner\"><div class=\"wpb_wrapper\"><h2 style=\"color: #211a1e;text-align: center\" class=\"vc_custom_heading vc_do_custom_heading\" >How We Design Learning Experiences<\/h2><\/div><\/div><\/div><\/div><\/div><div  class=\"pg-custom-vc    vc_row wpb_row section vc_row-fluid\" style=\"text-align:left;  margin-left:0px;margin-right:0px;\"     ><div class=\"container\" style=\"padding: 0px 0px; display: block;    \"><div class=\"wpb_column vc_column_container vc_col-sm-4\"><div class=\"vc_column-inner\"><div class=\"wpb_wrapper\"><div class=\"\"><div class=\"manual_icon_with_title\" \">\r\n\t  \r\n\t  <div class=\"icon_holder\" style=\"margin-bottom:px;\">\r\n\t  <span class=\"\"><i class=\"icon-focus\" style=\"font-size:; color:#6ea01b;\"><\/i><\/span>\r\n\t  <\/div>\r\n\t  \r\n\t  <div class=\"icon_text_holder\" style=\"padding-left:px;\">\r\n\t\t<div class=\"icon_text_inner\">\r\n\t\t  <h5 style=\"font-weight:!important;color:#6ea01b!important;font-size:px!important;text-transform:!important;\">Learner-centered<\/h5>\r\n\t\t  <p class=\"desc\" style=\"color:;margin-top:px;\">We focus on the user's needs, adapting all strategies, activities, resources and assessments to facilitate the learning process.<\/p>\r\n\t\t  \r\n\t\t<\/div>\r\n\t  <\/div>\r\n\t  \r\n\t<\/div><\/div><\/div><\/div><\/div><div class=\"wpb_column vc_column_container vc_col-sm-4\"><div class=\"vc_column-inner\"><div class=\"wpb_wrapper\"><div class=\"\"><div class=\"manual_icon_with_title\" \">\r\n\t  \r\n\t  <div class=\"icon_holder\" style=\"margin-bottom:px;\">\r\n\t  <span class=\"\"><i class=\"icon-genius\" style=\"font-size:; color:#6ea01b;\"><\/i><\/span>\r\n\t  <\/div>\r\n\t  \r\n\t  <div class=\"icon_text_holder\" style=\"padding-left:px;\">\r\n\t\t<div class=\"icon_text_inner\">\r\n\t\t  <h5 style=\"font-weight:!important;color:#6ea01b!important;font-size:px!important;text-transform:!important;\">Active Learning<\/h5>\r\n\t\t  <p class=\"desc\" style=\"color:;margin-top:px;\">We want the user to be able to apply, contextualize, reflect and share what they are learning, avoiding the passive consumption of content.<\/p>\r\n\t\t  \r\n\t\t<\/div>\r\n\t  <\/div>\r\n\t  \r\n\t<\/div><\/div><\/div><\/div><\/div><div class=\"wpb_column vc_column_container vc_col-sm-4\"><div class=\"vc_column-inner\"><div class=\"wpb_wrapper\"><div class=\"\"><div class=\"manual_icon_with_title\" \">\r\n\t  \r\n\t  <div class=\"icon_holder\" style=\"margin-bottom:px;\">\r\n\t  <span class=\"\"><i class=\"icon-map\" style=\"font-size:; color:#6ea01b;\"><\/i><\/span>\r\n\t  <\/div>\r\n\t  \r\n\t  <div class=\"icon_text_holder\" style=\"padding-left:px;\">\r\n\t\t<div class=\"icon_text_inner\">\r\n\t\t  <h5 style=\"font-weight:!important;color:#6ea01b!important;font-size:px!important;text-transform:!important;\">Systematic process<\/h5>\r\n\t\t  <p class=\"desc\" style=\"color:;margin-top:px;\">We systematically use traditional and agile methodologies for the design of online courses.<\/p>\r\n\t\t  \r\n\t\t<\/div>\r\n\t  <\/div>\r\n\t  \r\n\t<\/div><\/div><\/div><\/div><\/div><\/div><\/div><div  class=\"pg-custom-vc    vc_row wpb_row section vc_row-fluid\" style=\"text-align:left;  margin-left:0px;margin-right:0px;\"     ><div class=\"container\" style=\"padding: 0px 0px; display: block;    \"><div class=\"wpb_column vc_column_container vc_col-sm-4\"><div class=\"vc_column-inner\"><div class=\"wpb_wrapper\"><div class=\"\"><div class=\"manual_icon_with_title\" \">\r\n\t  \r\n\t  <div class=\"icon_holder\" style=\"margin-bottom:px;\">\r\n\t  <span class=\"\"><i class=\"icon-compass\" style=\"font-size:; color:#6ea01b;\"><\/i><\/span>\r\n\t  <\/div>\r\n\t  \r\n\t  <div class=\"icon_text_holder\" style=\"padding-left:px;\">\r\n\t\t<div class=\"icon_text_inner\">\r\n\t\t  <h5 style=\"font-weight:!important;color:#6ea01b!important;font-size:px!important;text-transform:!important;\">Strategic alignment<\/h5>\r\n\t\t  <p class=\"desc\" style=\"color:;margin-top:px;\">We ensure that learning objectives are aligned with the goals of the organization, whether they are public, private or multilateral institutions.<\/p>\r\n\t\t  \r\n\t\t<\/div>\r\n\t  <\/div>\r\n\t  \r\n\t<\/div><\/div><\/div><\/div><\/div><div class=\"wpb_column vc_column_container vc_col-sm-4\"><div class=\"vc_column-inner\"><div class=\"wpb_wrapper\"><div class=\"\"><div class=\"manual_icon_with_title\" \">\r\n\t  \r\n\t  <div class=\"icon_holder\" style=\"margin-bottom:px;\">\r\n\t  <span class=\"\"><i class=\"icon-trophy\" style=\"font-size:; color:#6ea01b;\"><\/i><\/span>\r\n\t  <\/div>\r\n\t  \r\n\t  <div class=\"icon_text_holder\" style=\"padding-left:px;\">\r\n\t\t<div class=\"icon_text_inner\">\r\n\t\t  <h5 style=\"font-weight:!important;color:#6ea01b!important;font-size:px!important;text-transform:!important;\">Quality Standards<\/h5>\r\n\t\t  <p class=\"desc\" style=\"color:;margin-top:px;\">We apply the highest quality standards in the instructional design process, including Quality Matters, OLC and QOLT.<\/p>\r\n\t\t  \r\n\t\t<\/div>\r\n\t  <\/div>\r\n\t  \r\n\t<\/div><\/div><\/div><\/div><\/div><div class=\"wpb_column vc_column_container vc_col-sm-4\"><div class=\"vc_column-inner\"><div class=\"wpb_wrapper\"><div class=\"\"><div class=\"manual_icon_with_title\" \">\r\n\t  \r\n\t  <div class=\"icon_holder\" style=\"margin-bottom:px;\">\r\n\t  <span class=\"\"><i class=\"icon-chat\" style=\"font-size:; color:#6ea01b;\"><\/i><\/span>\r\n\t  <\/div>\r\n\t  \r\n\t  <div class=\"icon_text_holder\" style=\"padding-left:px;\">\r\n\t\t<div class=\"icon_text_inner\">\r\n\t\t  <h5 style=\"font-weight:!important;color:#6ea01b!important;font-size:px!important;text-transform:!important;\">Expert Advice<\/h5>\r\n\t\t  <p class=\"desc\" style=\"color:;margin-top:px;\">We work hand in hand with subject matter experts to transform their knowledge into a high quality learning solution.<\/p>\r\n\t\t  \r\n\t\t<\/div>\r\n\t  <\/div>\r\n\t  \r\n\t<\/div><\/div><\/div><\/div><\/div><\/div><\/div>\n<\/div>","protected":false},"excerpt":{"rendered":"\u00bfQu\u00e9 tenemos en mente cuando dise\u00f1amos nuestros cursos? Aprendizaje activo Buscamos que el usuario pueda aplicar, contextualizar, reflexionar y compartir lo que est\u00e1 aprendiendo, evitando el consumo pasivo de contenidos. Alineaci\u00f3n estrat\u00e9gica Nos aseguramos de alinear los objetivos de aprendizaje con las metas de la organizaci\u00f3n, ya sean instituciones p\u00fablicas, privadas o multilaterales. Asesor\u00eda a [...]","protected":false},"author":1,"featured_media":0,"parent":0,"menu_order":0,"comment_status":"closed","ping_status":"closed","template":"template-page-full-width-vc.php","meta":{"_monsterinsights_skip_tracking":false,"_monsterinsights_sitenote_active":false,"_monsterinsights_sitenote_note":"","_monsterinsights_sitenote_category":0,"footnotes":""},"class_list":["post-1863","page","type-page","status-publish","hentry"],"_links":{"self":[{"href":"https:\/\/www.elearningds.com\/en\/wp-json\/wp\/v2\/pages\/1863","targetHints":{"allow":["GET"]}}],"collection":[{"href":"https:\/\/www.elearningds.com\/en\/wp-json\/wp\/v2\/pages"}],"about":[{"href":"https:\/\/www.elearningds.com\/en\/wp-json\/wp\/v2\/types\/page"}],"author":[{"embeddable":true,"href":"https:\/\/www.elearningds.com\/en\/wp-json\/wp\/v2\/users\/1"}],"replies":[{"embeddable":true,"href":"https:\/\/www.elearningds.com\/en\/wp-json\/wp\/v2\/comments?post=1863"}],"version-history":[{"count":8,"href":"https:\/\/www.elearningds.com\/en\/wp-json\/wp\/v2\/pages\/1863\/revisions"}],"predecessor-version":[{"id":1876,"href":"https:\/\/www.elearningds.com\/en\/wp-json\/wp\/v2\/pages\/1863\/revisions\/1876"}],"wp:attachment":[{"href":"https:\/\/www.elearningds.com\/en\/wp-json\/wp\/v2\/media?parent=1863"}],"curies":[{"name":"wp","href":"https:\/\/api.w.org\/{rel}","templated":true}]}}