{"id":132,"date":"2015-04-03T04:36:05","date_gmt":"2015-04-03T04:36:05","guid":{"rendered":"http:\/\/demo.wpsmartapps.com\/themes\/manual\/?page_id=132"},"modified":"2022-04-09T16:48:16","modified_gmt":"2022-04-09T20:48:16","slug":"contacto","status":"publish","type":"page","link":"https:\/\/www.elearningds.com\/en\/contacto\/","title":{"rendered":"Contact"},"content":{"rendered":"<div class=\"wpb-content-wrapper\"><div  class=\"pg-custom-vc   parallax-window vc_row wpb_row section vc_row-fluid\" style=\"text-align:left;  margin-left:0px;margin-right:0px;\"   data-parallax=\"scroll\" data-position=\"center center\" ><div class=\"container\" style=\"padding: 0px 0px;  \"><div class=\"wpb_column vc_column_container vc_col-sm-6\"><div class=\"vc_column-inner vc_custom_1509641490721\"><div class=\"wpb_wrapper\"><h2 style=\"color: #211a1e;text-align: left\" class=\"vc_custom_heading vc_do_custom_heading\" >\u00bfPreguntas?<\/h2><div class=\"vc_empty_space\"   style=\"height: 32px\"><span class=\"vc_empty_space_inner\"><\/span><\/div>\n\t<div class=\"wpb_text_column wpb_content_element\" >\n\t\t<div class=\"wpb_wrapper\">\n\t\t\t<div class=\"forminator-ui forminator-custom-form forminator-custom-form-1954 forminator-design--default  forminator_ajax\" data-forminator-render=\"0\" data-form=\"forminator-module-1954\" data-uid=\"69ee393edd9e3\"><br\/><\/div><form\n\t\t\t\tid=\"forminator-module-1954\"\n\t\t\t\tclass=\"forminator-ui forminator-custom-form forminator-custom-form-1954 forminator-design--default  forminator_ajax\"\n\t\t\t\tmethod=\"post\"\n\t\t\t\tdata-forminator-render=\"0\"\n\t\t\t\tdata-form-id=\"1954\"\n\t\t\t\t\n\t\t\t\tdata-design=\"default\"\n\t\t\t\t\n\t\t\t\t\n\t\t\t\t\n\t\t\t\tdata-grid=\"open\"\n\t\t\t\t\n\t\t\t\t\n\t\t\t\tstyle=\"display: none;\"\n\t\t\t\t\n\t\t\t\tdata-uid=\"69ee393edd9e3\" action=\"\"\n\t\t\t><div role=\"alert\" aria-live=\"polite\" class=\"forminator-response-message forminator-error\" aria-hidden=\"true\"><\/div><div class=\"forminator-row\"><div id=\"name-1\" class=\"forminator-field-name forminator-col forminator-col-12\"><div class=\"forminator-field\"><label for=\"forminator-field-name-1_69ee393edd9e3\" id=\"forminator-field-name-1_69ee393edd9e3-label\" class=\"forminator-label\">Nombre <span class=\"forminator-required\">*<\/span><\/label><input type=\"text\" name=\"name-1\" value=\"\" placeholder=\"Ejemplo: Juan\" id=\"forminator-field-name-1_69ee393edd9e3\" class=\"forminator-input forminator-name--field\" aria-required=\"true\" \/><\/div><\/div><\/div><div class=\"forminator-row\"><div id=\"email-1\" class=\"forminator-field-email forminator-col forminator-col-12\"><div class=\"forminator-field\"><label for=\"forminator-field-email-1_69ee393edd9e3\" id=\"forminator-field-email-1_69ee393edd9e3-label\" class=\"forminator-label\">Email <span class=\"forminator-required\">*<\/span><\/label><input type=\"email\" name=\"email-1\" value=\"\" placeholder=\"Ej. john@doe.com\" id=\"forminator-field-email-1_69ee393edd9e3\" class=\"forminator-input forminator-email--field\" data-required=\"true\" aria-required=\"true\" \/><\/div><\/div><\/div><div class=\"forminator-row\"><div id=\"select-1\" class=\"forminator-field-select forminator-col forminator-col-12\"><div class=\"forminator-field\"><label for=\"forminator-form-1954__field--select-1_69ee393edd9e3\" id=\"forminator-form-1954__field--select-1_69ee393edd9e3-label\" class=\"forminator-label\">\u00bfDe qu\u00e9 te gustar\u00eda conversar?<\/label><select  id=\"forminator-form-1954__field--select-1_69ee393edd9e3\" class=\"forminator-select--field forminator-select2 forminator-select2-multiple\" data-required=\"\" name=\"select-1\" data-default-value=\"\" data-placeholder=\"\" data-search=\"false\" data-search-placeholder=\"\" data-checkbox=\"false\" data-allow-clear=\"false\" aria-labelledby=\"forminator-form-1954__field--select-1_69ee393edd9e3-label\"><option value=\"Dise\u00f1o-Instruccional\"  data-calculation=\"0\">Instructional Design<\/option><option value=\"Desarrollo-de-MOOCs\"  data-calculation=\"0\">Desarrollo de MOOCs<\/option><option value=\"Desarrollo-de-cursos-e-Learning\"  data-calculation=\"0\">Desarrollo de cursos e-Learning<\/option><option value=\"EDS-Academy\"  data-calculation=\"0\">EDS Academy<\/option><\/select><\/div><\/div><\/div><div class=\"forminator-row\"><div id=\"textarea-1\" class=\"forminator-field-textarea forminator-col forminator-col-12\"><div class=\"forminator-field\"><label for=\"forminator-field-textarea-1_69ee393edd9e3\" id=\"forminator-field-textarea-1_69ee393edd9e3-label\" class=\"forminator-label\">Mensaje<\/label><textarea name=\"textarea-1\" placeholder=\"Escribe aqu\u00ed tu mensaje...\" id=\"forminator-field-textarea-1_69ee393edd9e3\" class=\"forminator-textarea\" rows=\"6\" style=\"min-height:140px;\" maxlength=\"180\" ><\/textarea><span id=\"forminator-field-textarea-1_69ee393edd9e3-description\" class=\"forminator-description\"><span data-limit=\"180\" data-type=\"characters\" data-editor=\"\">0 \/ 180<\/span><\/span><\/div><\/div><\/div><div class=\"forminator-row\"><div id=\"captcha-1\" class=\"forminator-field-captcha forminator-col forminator-col-12\"><div class=\"forminator-captcha-left forminator-g-recaptcha recaptcha-invisible\" data-theme=\"light\" data-badge=\"bottomright\" data-sitekey=\"6LdS2F4fAAAAABa2OovbOdnQ575oBDxTUJQBxNQ6\" data-size=\"invisible\"><\/div> <\/div><\/div><input type=\"hidden\" name=\"referer_url\" value=\"\" \/><div class=\"forminator-row forminator-row-last\"><div class=\"forminator-col\"><div class=\"forminator-field\"><button class=\"forminator-button forminator-button-submit\">Enviar mensaje<\/button><\/div><\/div><\/div><input type=\"hidden\" id=\"forminator_nonce\" name=\"forminator_nonce\" value=\"4d705df354\" \/><input type=\"hidden\" name=\"_wp_http_referer\" value=\"\/en\/wp-json\/wp\/v2\/pages\/132\" \/><input type=\"hidden\" name=\"form_id\" value=\"1954\"><input type=\"hidden\" name=\"page_id\" value=\"132\"><input type=\"hidden\" name=\"form_type\" value=\"default\"><input type=\"hidden\" name=\"current_url\" value=\"https:\/\/www.elearningds.com\/en\/contacto\/\"><input type=\"hidden\" name=\"render_id\" value=\"0\"><input type=\"hidden\" name=\"action\" value=\"forminator_submit_form_custom-forms\"><input type=\"hidden\" name=\"trp-form-language\" value=\"en\"\/><\/form>\n\n\t\t<\/div>\n\t<\/div>\n<\/div><\/div><\/div><div class=\"wpb_column vc_column_container vc_col-sm-6\"><div class=\"vc_column-inner\"><div class=\"wpb_wrapper\"><div class=\"vc_separator wpb_content_element vc_separator_align_center vc_sep_width_100 vc_sep_pos_align_center vc_separator_no_text vc_sep_color_grey wpb_content_element  wpb_content_element\" ><span class=\"vc_sep_holder vc_sep_holder_l\"><span class=\"vc_sep_line\"><\/span><\/span><span class=\"vc_sep_holder vc_sep_holder_r\"><span class=\"vc_sep_line\"><\/span><\/span>\n<\/div><div class=\"vc_row wpb_row vc_inner vc_row-fluid\"><div class=\"wpb_column vc_column_container vc_col-sm-12\"><div class=\"vc_column-inner\"><div class=\"wpb_wrapper\"><h5 style=\"text-align: left;font-family:Lato;font-weight:700;font-style:normal\" class=\"vc_custom_heading vc_do_custom_heading\" >Chile<\/h5>\n\t<div class=\"wpb_text_column wpb_content_element\" >\n\t\t<div class=\"wpb_wrapper\">\n\t\t\t<p>+56 2 2897 9960<\/p>\n\n\t\t<\/div>\n\t<\/div>\n<h5 style=\"text-align: left;font-family:Lato;font-weight:700;font-style:normal\" class=\"vc_custom_heading vc_do_custom_heading\" >email<\/h5>\n\t<div class=\"wpb_text_column wpb_content_element\" >\n\t\t<div class=\"wpb_wrapper\">\n\t\t\t<p>contacto@elearningds.com<\/p>\n\n\t\t<\/div>\n\t<\/div>\n<h2 style=\"color: #211a1e;text-align: left\" class=\"vc_custom_heading vc_do_custom_heading\" >\u00bfD\u00f3nde estamos?<\/h2>\n\t<div class=\"wpb_text_column wpb_content_element\" >\n\t\t<div class=\"wpb_wrapper\">\n\t\t\t<p>Nuestra empresa est\u00e1 localizada en Chile y desde aqu\u00ed ofrecemos nuestros servicios a todo el mundo. We speak English!<\/p>\n\n\t\t<\/div>\n\t<\/div>\n<\/div><\/div><\/div><\/div><div class=\"wpb_gmaps_widget wpb_content_element\"><div class=\"wpb_wrapper\"><div class=\"wpb_map_wraper\"><iframe loading=\"lazy\" src=\"https:\/\/www.google.com\/maps\/embed?pb=!1m18!1m12!1m3!1d3327.4927305339957!2d-70.57645668479968!3d-33.488555380763025!2m3!1f0!2f0!3f0!3m2!1i1024!2i768!4f13.1!3m3!1m2!1s0x9662d032b40d6c65%3A0x574a26c4f3aa32a4!2sCalle+La+Llaveria+Sur+5486%2C+Penalolen%2C+Pe%C3%B1alol%C3%A9n%2C+Regi%C3%B3n+Metropolitana%2C+Chile!5e0!3m2!1sen!2sus!4v1549843783999\" width=\"600\" height=\"450\" frameborder=\"0\" style=\"border:0\" allowfullscreen><\/iframe><\/div><\/div><\/div><\/div><\/div><\/div><\/div><\/div>\n<\/div>","protected":false},"excerpt":{"rendered":"\u00bfPreguntas? Nombre *Email *\u00bfDe qu\u00e9 te gustar\u00eda conversar?Dise\u00f1o InstruccionalDesarrollo de MOOCsDesarrollo de cursos e-LearningEDS AcademyMensaje0 \/ 180 Enviar mensaje Chile +56 2 2897 9960 email contacto@elearningds.com \u00bfD\u00f3nde estamos? Nuestra empresa est\u00e1 localizada en Chile y desde aqu\u00ed ofrecemos nuestros servicios a todo el mundo. We speak English!","protected":false},"author":1,"featured_media":0,"parent":0,"menu_order":0,"comment_status":"closed","ping_status":"closed","template":"template-page-full-width-vc.php","meta":{"_monsterinsights_skip_tracking":false,"_monsterinsights_sitenote_active":false,"_monsterinsights_sitenote_note":"","_monsterinsights_sitenote_category":0,"footnotes":""},"class_list":["post-132","page","type-page","status-publish","hentry"],"_links":{"self":[{"href":"https:\/\/www.elearningds.com\/en\/wp-json\/wp\/v2\/pages\/132","targetHints":{"allow":["GET"]}}],"collection":[{"href":"https:\/\/www.elearningds.com\/en\/wp-json\/wp\/v2\/pages"}],"about":[{"href":"https:\/\/www.elearningds.com\/en\/wp-json\/wp\/v2\/types\/page"}],"author":[{"embeddable":true,"href":"https:\/\/www.elearningds.com\/en\/wp-json\/wp\/v2\/users\/1"}],"replies":[{"embeddable":true,"href":"https:\/\/www.elearningds.com\/en\/wp-json\/wp\/v2\/comments?post=132"}],"version-history":[{"count":14,"href":"https:\/\/www.elearningds.com\/en\/wp-json\/wp\/v2\/pages\/132\/revisions"}],"predecessor-version":[{"id":1955,"href":"https:\/\/www.elearningds.com\/en\/wp-json\/wp\/v2\/pages\/132\/revisions\/1955"}],"wp:attachment":[{"href":"https:\/\/www.elearningds.com\/en\/wp-json\/wp\/v2\/media?parent=132"}],"curies":[{"name":"wp","href":"https:\/\/api.w.org\/{rel}","templated":true}]}}